{"id":2399,"date":"2020-08-17T11:55:45","date_gmt":"2020-08-17T08:55:45","guid":{"rendered":"https:\/\/dentavita.md\/turismo-odontoiatrico\/"},"modified":"2020-11-18T11:50:49","modified_gmt":"2020-11-18T08:50:49","slug":"turismo-odontoiatrico","status":"publish","type":"page","link":"https:\/\/www.dentavita.md\/it\/turismo-odontoiatrico\/","title":{"rendered":"Turismo odontoiatrico"},"content":{"rendered":"\n<div class=\"alignfull wp-block-ugb-header ugb-header ugb-a6c26e9 ugb-header ugb-header--v3 ugb-header--design-plain ugb--restrict-content-width ugb-main-block ugb-main-block--inner-full ugb--has-block-background ugb--has-background-overlay ugb--has-bottom-separator\" id=\"\"><style>.ugb-a6c26e9 .ugb-header__title{font-size:70px;color:#ffffff;text-align:center !important}.ugb-a6c26e9 .ugb-header__subtitle{font-size:30px;color:#ffffff;margin-bottom:50px !important}.ugb-a6c26e9 .ugb-header__buttons{justify-content:center !important}.ugb-a6c26e9 .ugb-button1 .ugb-button--inner{font-size:18px;font-weight:bold;color:#ffffff !important}.ugb-a6c26e9 .ugb-button1{border-color:#ffffff !important;border-width:1px;border-radius:5px !important}.ugb-a6c26e9 .ugb-button1:hover{border-color:#feca57 !important;background-color:#feca57 !important;opacity:1}.ugb-a6c26e9 .ugb-button1:hover .ugb-button--inner{color:#222222 !important}.ugb-a6c26e9 .ugb-button1:before{content:\"\";background-image:linear-gradient(90deg,#feca57,#feca57);top:-1px;right:-1px;bottom:-1px;left:-1px;border-radius:5px !important}.ugb-a6c26e9 .ugb-inner-block{text-align:center}.ugb-a6c26e9.ugb-header{background-color:#1fb0ba;background-image:url(https:\/\/www.dentavita.md\/wp-content\/uploads\/2020\/11\/dental-turism.jpg);background-position:center center}.ugb-a6c26e9.ugb-header:before{background-image:linear-gradient(90deg,#1fb0ba 0%,#0f7c84 100%);opacity:0.5}.ugb-a6c26e9 .ugb-bottom-separator .ugb-separator__layer-2{fill:#feca57;opacity:0.5}.ugb-a6c26e9 .ugb-bottom-separator .ugb-separator__layer-3{fill:#feca57;opacity:1}@media screen and (min-width:1025px){.ugb-a6c26e9 > .ugb-inner-block > .ugb-block-content > *{min-height:800px;justify-content:center}}@media screen and (max-width:1025px){.ugb-a6c26e9 .ugb-header__title{font-size:45px}.ugb-a6c26e9 .ugb-header__subtitle{font-size:24px}}@media screen and (max-width:768px){.ugb-a6c26e9 .ugb-header__title{font-size:35px}.ugb-a6c26e9 .ugb-header__subtitle{font-size:20px}}<\/style><div class=\"ugb-bottom-separator\"><div class=\"ugb-separator-wrapper\"><svg viewbox=\"0 0 1600 200\" xmlns=\"http:\/\/www.w3.org\/2000\/svg\" class=\"ugb-separator__layer-1\" preserveaspectratio=\"none\" aria-hidden=\"true\"><path class=\"wave-3_svg__st2\" d=\"M1413.6 161.4c-157.9 0-338.2-37.7-495.1-67.4-215.6-40.8-328.1-44.6-418.2-41.1S317 73.4 188.4 102-10 136.2-10 136.2v74.2h1620v-68.5s-68.8 19.5-196.4 19.5z\"><\/path><\/svg><svg viewbox=\"0 0 1600 200\" xmlns=\"http:\/\/www.w3.org\/2000\/svg\" preserveaspectratio=\"none\" class=\"ugb-separator__layer-2\" aria-hidden=\"true\"><path d=\"M1292.3 72.5C1081 72.5 649.1 191.4 591 209h1019v-77s-132.4-59.5-317.7-59.5z\"><\/path><\/svg><svg viewbox=\"0 0 1600 200\" xmlns=\"http:\/\/www.w3.org\/2000\/svg\" preserveaspectratio=\"none\" class=\"ugb-separator__layer-3\" aria-hidden=\"true\"><path d=\"M1404 141.9c-177.2-10.3-284-48-440.4-95.9C755.8-17.7 618.9.9 486.7 22 397.4 36.3 317 59.7 188.4 88.3S-10 122.5-10 122.5V208h1620v-79.8s-78.6 21.1-206 13.7z\"><\/path><\/svg><\/div><\/div><div class=\"ugb-inner-block ugb-inner-block--full\"><div class=\"ugb-block-content\"><div class=\"ugb-header__item\"><div class=\"ugb-content-wrapper\"><h1 class=\"ugb-header__title\"><span class=\"ugb-highlight\" style=\"color: #feca57;\">Turismo odontoiatrico<\/span><\/h1><p class=\"ugb-header__subtitle\">Perch\u00e9 \u00e8 necessario andare all&#8217;estero?<\/p><div class=\"ugb-header__buttons\"><div class=\"ugb-button-container\"><a class=\"ugb-button1 ugb-button ugb-button--size-medium ugb-button--ghost-to-normal-effect ugb--hover-effect-lift ugb-button--design-ghost\" href=\"https:\/\/www.dentavita.md\/it\/consultazione\/\" rel=\"\"><span class=\"ugb-button--inner\">Fissare una consulenza<\/span><\/a><\/div><\/div><\/div><\/div><\/div><\/div><\/div>\n\n\n\n<div id=\"\" class=\"wp-block-ugb-text ugb-text ugb-4c1fe3b ugb-text--design-plain ugb-text--columns-1 ugb-main-block\"><style>.ugb-4c1fe3b.ugb-text{margin-top:50px !important}<\/style>\r\n<div class=\"ugb-inner-block\">\r\n<div class=\"ugb-block-content\">\r\n<div class=\"ugb-text__text-wrapper\">\r\n<div class=\"ugb-text__text\">\r\n<p class=\"ugb-text__text-1\">Nonostante il turismo odontoiatrico in Moldavia sia un fenomeno abbastanza recente, ogni anno acquista sempre pi\u00f9 popolarit\u00e0. \u00c8 una combinazione vincente tra un viaggio piacevole nel nostro paese e le cure odontoiatriche.\r\nI tour odontoiatrici in Moldavia si possono prenotare in diversi agenzie turistiche europee specializzate in turismo medico. In cerca di risparmio, tanti europei scelgono il nostro paese per curare i denti e avere delle nuove emozioni.<\/p>\r\nOttenendo gli stessi risultati a un prezzo pi\u00f9 basso, sono molti quelli che diventano i nostri clienti fissi per poi venire regolarmente in Moldavia per curare e prevenire le malattie dentali.\r\n\r\n<\/div>\r\n<\/div>\r\n<\/div>\r\n<\/div>\r\n<\/div>\n\n\n\n<div class=\"wp-block-ugb-number-box ugb-number-box ugb-3a25964 ugb-number-box--v3 ugb-number-box--columns-1 ugb-number-box--design-background ugb-main-block\" id=\"\"><style>.ugb-3a25964 .ugb-number-box__item{border-radius:0px !important}.ugb-3a25964 .ugb-number-box__number{color:#EDF2F7 !important}.ugb-3a25964.ugb-number-box{margin-top:100px !important}.ugb-3a25964 .ugb-block-title{font-size:40px}@media screen and (max-width:1025px){.ugb-3a25964 .ugb-block-title{font-size:36px}}@media screen and (min-width:768px) and (max-width:1025px){.ugb-3a25964.ugb-number-box{margin-top:50px !important}}@media screen and (max-width:768px){.ugb-3a25964.ugb-number-box{margin-top:50px !important}.ugb-3a25964 .ugb-block-title{font-size:26px}}<\/style><div class=\"ugb-inner-block\"><h2 class=\"ugb-block-title\">I vantaggi dell&#8217;odontoiatria in Moldavia<\/h2><div class=\"ugb-block-content\"><div class=\"ugb-number-box__item ugb-number-box__item1 ugb--shadow-7\"><span class=\"ugb-number-box__number\">1<\/span><div class=\"ugb-number-box__content\"><p class=\"ugb-number-box__description\">Costo del servizio sanitario notevolmente pi\u00f9 basso che nei paesi europei. Persino nei paesi pi\u00f9 economici dell\u2019Europa le protesi dentali hanno un costo 2 o 3 volte maggiore che in Moldavia. Sebbene durante le cure si usino gli stessi materiali e le stesse tecnologie che negli studi dentistici europei. Per questo motivo i pazienti ricevono una qualit\u00e0 ottima a un prezzo ideale.<\/p><\/div><\/div><\/div><\/div><\/div>\n\n\n\n<div class=\"wp-block-ugb-number-box ugb-number-box ugb-ae281f4 ugb-number-box--v3 ugb-number-box--columns-1 ugb-number-box--design-background ugb-main-block\" id=\"\"><style>.ugb-ae281f4 .ugb-number-box__item{border-radius:0px !important}.ugb-ae281f4 .ugb-number-box__number{color:#EDF2F7 !important}<\/style><div class=\"ugb-inner-block\"><div class=\"ugb-block-content\"><div class=\"ugb-number-box__item ugb-number-box__item1 ugb--shadow-7\"><span class=\"ugb-number-box__number\">2<\/span><div class=\"ugb-number-box__content\"><p class=\"ugb-number-box__description\">Alto livello di professionalit\u00e0 dei dentisti locali. Grazie alla loro eccellente istruzione, gli specialisti locali sono allo stesso livello dei loro colleghi e, a volte, sotto alcuni aspetti, addirittura superiori agli specialisti dell&#8217;UE, dei paesi di CSI o degli Stati Uniti. La qualit\u00e0 del lavoro dei nostri specialisti \u00e8 largamente apprezzata all&#8217;estero.<\/p><\/div><\/div><\/div><\/div><\/div>\n\n\n\n<div class=\"wp-block-ugb-number-box ugb-number-box ugb-cbf15d5 ugb-number-box--v3 ugb-number-box--columns-1 ugb-number-box--design-background ugb-main-block\" id=\"\"><style>.ugb-cbf15d5 .ugb-number-box__item{border-radius:0px !important}.ugb-cbf15d5 .ugb-number-box__number{color:#EDF2F7 !important}<\/style><div class=\"ugb-inner-block\"><div class=\"ugb-block-content\"><div class=\"ugb-number-box__item ugb-number-box__item1 ugb--shadow-7\"><span class=\"ugb-number-box__number\">3<\/span><div class=\"ugb-number-box__content\"><p class=\"ugb-number-box__description\">Attrezzature moderne e materiali di alta qualit\u00e0. Disponiamo di: attrezzatura odontoiatrica ergonomica e compressori KAESER,  radiovisiografo e tomografo INSTRUMENTARIUM, lo studio Denta Vita dispone del autoclave d&#8217;avanguardia di classe B per la sterilizzazione TUTNAUER, cassette antibatteriche, laser dentale DOCTOR SMILE, microscopi KARL KAPS, stampante 3D NEXT DENT, scanner intraorale MEDIT i500, apparecchiature CAD\/CAM dentali ROLAND e molto altro. Le attrezzature all&#8217;avanguardia consentono di offrire dei servizi medici di qualit\u00e0 e in sicurezza.<\/p><\/div><\/div><\/div><\/div><\/div>\n\n\n\n<div class=\"wp-block-ugb-number-box ugb-number-box ugb-d507733 ugb-number-box--v3 ugb-number-box--columns-1 ugb-number-box--design-background ugb-main-block\" id=\"\"><style>.ugb-d507733 .ugb-number-box__item{border-radius:0px !important}.ugb-d507733 .ugb-number-box__number{color:#EDF2F7 !important}<\/style><div class=\"ugb-inner-block\"><div class=\"ugb-block-content\"><div class=\"ugb-number-box__item ugb-number-box__item1 ugb--shadow-7\"><span class=\"ugb-number-box__number\">4<\/span><div class=\"ugb-number-box__content\"><p class=\"ugb-number-box__description\">La possibilit\u00e0 di combinare il turismo odontoiatrico con la visita di luoghi di una bellezza strabiliante. Ogni anno che passa la Moldavia diviene sempre pi\u00f9 attraente per il turismo. Qui potete trovare dei bei posti da visitare e che vi lasceranno emozioni uniche. E tutto ci\u00f2 per una cifra irrisoria.<\/p><\/div><\/div><\/div><\/div><\/div>\n\n\n\n<div class=\"wp-block-ugb-text ugb-text ugb-15a80dc ugb-text--design-plain ugb-text--columns-1 ugb-main-block\" id=\"\"><style>.ugb-15a80dc.ugb-text{margin-top:100px !important;margin-bottom:100px !important}@media screen and (min-width:768px) and (max-width:1025px){.ugb-15a80dc.ugb-text{margin-top:50px !important;margin-bottom:50px !important}}@media screen and (max-width:768px){.ugb-15a80dc.ugb-text{margin-top:50px !important;margin-bottom:50px !important}}<\/style><div class=\"ugb-inner-block\"><div class=\"ugb-block-content\"><div class=\"ugb-text__text-wrapper\"><div class=\"ugb-text__text\"><p class=\"ugb-text__text-1\">In Moldavia i servizi stomatologici hanno dei prezzi bassi, cos\u00ec come le medicine e il soggiorno. Per questo, anche se avete intenzione di curare i denti all&#8217;estero ma non intendete acquistare un viaggio in agenzia, potete organizzare il viaggio con noi in modo semplice e conveniente. <br>Otterrete un servizio ottimo e potrete risparmiare pi\u00f9 che in qualsiasi altro paese europeo. <br>Venite da noi in Moldavia. Lo studio Denta Vita \u00e8 diventato un centro per il turismo odontoiatrico, e potete approfittarne sia voi e che i vostri cari. Siamo un riferimento per cure stomatologiche accessibili e di qualit\u00e0, in conformit\u00e0 con ogni standard internazionale.<\/p><\/div><\/div><\/div><\/div><\/div>\n","protected":false},"excerpt":{"rendered":"<p>Turismo odontoiatrico Perch\u00e9 \u00e8 necessario andare all&#8217;estero? Fissare una consulenza Nonostante il turismo odontoiatrico in Moldavia sia un fenomeno abbastanza recente, ogni anno acquista sempre pi\u00f9 popolarit\u00e0. \u00c8 una combinazione vincente tra un viaggio piacevole nel nostro paese e le cure odontoiatriche. I tour odontoiatrici in Moldavia si possono prenotare in diversi agenzie turistiche europee&#8230;<\/p>\n","protected":false},"author":1,"featured_media":0,"parent":0,"menu_order":0,"comment_status":"closed","ping_status":"closed","template":"","meta":{"inline_featured_image":false,"_uag_custom_page_level_css":"","_kad_post_transparent":"","_kad_post_title":"","_kad_post_layout":"","_kad_post_sidebar_id":"","_kad_post_content_style":"","_kad_post_vertical_padding":"","_kad_post_feature":"","_kad_post_feature_position":"","_kad_post_header":false,"_kad_post_footer":false,"footnotes":""},"class_list":["post-2399","page","type-page","status-publish","hentry"],"featured_image_urls":{"full":"","thumbnail":"","medium":"","medium_large":"","large":"","1536x1536":"","2048x2048":""},"post_excerpt_stackable":"<p>Turismo odontoiatricoPerch\u00e9 \u00e8 necessario andare all&#8217;estero?Fissare una consulenza Nonostante il turismo odontoiatrico in Moldavia sia un fenomeno abbastanza recente, ogni anno acquista sempre pi\u00f9 popolarit\u00e0. \u00c8 una combinazione vincente tra un viaggio piacevole nel nostro paese e le cure odontoiatriche. I tour odontoiatrici in Moldavia si possono prenotare in diversi agenzie turistiche europee specializzate in turismo medico. In cerca di risparmio, tanti europei scelgono il nostro paese per curare i denti e avere delle nuove emozioni. Ottenendo gli stessi risultati a un prezzo pi\u00f9 basso, sono molti quelli che diventano i nostri clienti fissi per poi venire regolarmente in Moldavia&hellip;<\/p>\n","category_list":"","author_info":{"name":"admin","url":"https:\/\/www.dentavita.md\/it\/author\/admin\/"},"comments_num":"0 commenti","featured_image_urls_v2":{"full":"","thumbnail":"","medium":"","medium_large":"","large":"","1536x1536":"","2048x2048":""},"post_excerpt_stackable_v2":"<p>Turismo odontoiatricoPerch\u00e9 \u00e8 necessario andare all&#8217;estero?Fissare una consulenza Nonostante il turismo odontoiatrico in Moldavia sia un fenomeno abbastanza recente, ogni anno acquista sempre pi\u00f9 popolarit\u00e0. \u00c8 una combinazione vincente tra un viaggio piacevole nel nostro paese e le cure odontoiatriche. I tour odontoiatrici in Moldavia si possono prenotare in diversi agenzie turistiche europee specializzate in turismo medico. In cerca di risparmio, tanti europei scelgono il nostro paese per curare i denti e avere delle nuove emozioni. Ottenendo gli stessi risultati a un prezzo pi\u00f9 basso, sono molti quelli che diventano i nostri clienti fissi per poi venire regolarmente in Moldavia&hellip;<\/p>\n","category_list_v2":"","author_info_v2":{"name":"admin","url":"https:\/\/www.dentavita.md\/it\/author\/admin\/"},"comments_num_v2":"0 commenti","yoast_head":"<!-- This site is optimized with the Yoast SEO plugin v23.4 - https:\/\/yoast.com\/wordpress\/plugins\/seo\/ -->\n<title>Turismo odontoiatrico Moldavia | Prezzi Bassi [2020]<\/title>\n<meta name=\"description\" content=\"Odontoiatria di qualit\u00e0 e vacanze piacevoli. Denta Vita (Moldavia) - migliore destinazione per il turismo odontoiatrico. Abbiamo tanto da offrire\" \/>\n<meta name=\"robots\" content=\"index, follow, max-snippet:-1, max-image-preview:large, max-video-preview:-1\" \/>\n<link rel=\"canonical\" href=\"https:\/\/www.dentavita.md\/it\/turismo-odontoiatrico\/\" \/>\n<meta property=\"og:locale\" content=\"it_IT\" \/>\n<meta property=\"og:type\" content=\"article\" \/>\n<meta property=\"og:title\" content=\"Turismo odontoiatrico Moldavia | Prezzi Bassi [2020]\" \/>\n<meta property=\"og:description\" content=\"Odontoiatria di qualit\u00e0 e vacanze piacevoli. Denta Vita (Moldavia) - migliore destinazione per il turismo odontoiatrico. Abbiamo tanto da offrire\" \/>\n<meta property=\"og:url\" content=\"https:\/\/www.dentavita.md\/it\/turismo-odontoiatrico\/\" \/>\n<meta property=\"og:site_name\" content=\"DentaVita\" \/>\n<meta property=\"article:modified_time\" content=\"2020-11-18T08:50:49+00:00\" \/>\n<meta name=\"twitter:card\" content=\"summary_large_image\" \/>\n<meta name=\"twitter:label1\" content=\"Tempo di lettura stimato\" \/>\n\t<meta name=\"twitter:data1\" content=\"2 minuti\" \/>\n<script type=\"application\/ld+json\" class=\"yoast-schema-graph\">{\"@context\":\"https:\/\/schema.org\",\"@graph\":[{\"@type\":\"WebPage\",\"@id\":\"https:\/\/www.dentavita.md\/it\/turismo-odontoiatrico\/\",\"url\":\"https:\/\/www.dentavita.md\/it\/turismo-odontoiatrico\/\",\"name\":\"Turismo odontoiatrico Moldavia | Prezzi Bassi [2020]\",\"isPartOf\":{\"@id\":\"https:\/\/www.dentavita.md\/it\/#website\"},\"datePublished\":\"2020-08-17T08:55:45+00:00\",\"dateModified\":\"2020-11-18T08:50:49+00:00\",\"description\":\"Odontoiatria di qualit\u00e0 e vacanze piacevoli. Denta Vita (Moldavia) - migliore destinazione per il turismo odontoiatrico. Abbiamo tanto da offrire\",\"breadcrumb\":{\"@id\":\"https:\/\/www.dentavita.md\/it\/turismo-odontoiatrico\/#breadcrumb\"},\"inLanguage\":\"it-IT\",\"potentialAction\":[{\"@type\":\"ReadAction\",\"target\":[\"https:\/\/www.dentavita.md\/it\/turismo-odontoiatrico\/\"]}]},{\"@type\":\"BreadcrumbList\",\"@id\":\"https:\/\/www.dentavita.md\/it\/turismo-odontoiatrico\/#breadcrumb\",\"itemListElement\":[{\"@type\":\"ListItem\",\"position\":1,\"name\":\"\u0413\u043b\u0430\u0432\u043d\u0430\u044f \u0441\u0442\u0440\u0430\u043d\u0438\u0446\u0430\",\"item\":\"https:\/\/www.dentavita.md\/it\/\"},{\"@type\":\"ListItem\",\"position\":2,\"name\":\"Turismo odontoiatrico\"}]},{\"@type\":\"WebSite\",\"@id\":\"https:\/\/www.dentavita.md\/it\/#website\",\"url\":\"https:\/\/www.dentavita.md\/it\/\",\"name\":\"DentaVita\",\"description\":\"\",\"publisher\":{\"@id\":\"https:\/\/www.dentavita.md\/it\/#organization\"},\"potentialAction\":[{\"@type\":\"SearchAction\",\"target\":{\"@type\":\"EntryPoint\",\"urlTemplate\":\"https:\/\/www.dentavita.md\/it\/?s={search_term_string}\"},\"query-input\":{\"@type\":\"PropertyValueSpecification\",\"valueRequired\":true,\"valueName\":\"search_term_string\"}}],\"inLanguage\":\"it-IT\"},{\"@type\":\"Organization\",\"@id\":\"https:\/\/www.dentavita.md\/it\/#organization\",\"name\":\"DentaVita\",\"url\":\"https:\/\/www.dentavita.md\/it\/\",\"logo\":{\"@type\":\"ImageObject\",\"inLanguage\":\"it-IT\",\"@id\":\"https:\/\/www.dentavita.md\/it\/#\/schema\/logo\/image\/\",\"url\":\"https:\/\/www.dentavita.md\/wp-content\/uploads\/2024\/11\/logo_white_denta-vita.svg\",\"contentUrl\":\"https:\/\/www.dentavita.md\/wp-content\/uploads\/2024\/11\/logo_white_denta-vita.svg\",\"width\":1607,\"height\":479,\"caption\":\"DentaVita\"},\"image\":{\"@id\":\"https:\/\/www.dentavita.md\/it\/#\/schema\/logo\/image\/\"}}]}<\/script>\n<!-- \/ Yoast SEO plugin. -->","yoast_head_json":{"title":"Turismo odontoiatrico Moldavia | Prezzi Bassi [2020]","description":"Odontoiatria di qualit\u00e0 e vacanze piacevoli. Denta Vita (Moldavia) - migliore destinazione per il turismo odontoiatrico. Abbiamo tanto da offrire","robots":{"index":"index","follow":"follow","max-snippet":"max-snippet:-1","max-image-preview":"max-image-preview:large","max-video-preview":"max-video-preview:-1"},"canonical":"https:\/\/www.dentavita.md\/it\/turismo-odontoiatrico\/","og_locale":"it_IT","og_type":"article","og_title":"Turismo odontoiatrico Moldavia | Prezzi Bassi [2020]","og_description":"Odontoiatria di qualit\u00e0 e vacanze piacevoli. Denta Vita (Moldavia) - migliore destinazione per il turismo odontoiatrico. Abbiamo tanto da offrire","og_url":"https:\/\/www.dentavita.md\/it\/turismo-odontoiatrico\/","og_site_name":"DentaVita","article_modified_time":"2020-11-18T08:50:49+00:00","twitter_card":"summary_large_image","twitter_misc":{"Tempo di lettura stimato":"2 minuti"},"schema":{"@context":"https:\/\/schema.org","@graph":[{"@type":"WebPage","@id":"https:\/\/www.dentavita.md\/it\/turismo-odontoiatrico\/","url":"https:\/\/www.dentavita.md\/it\/turismo-odontoiatrico\/","name":"Turismo odontoiatrico Moldavia | Prezzi Bassi [2020]","isPartOf":{"@id":"https:\/\/www.dentavita.md\/it\/#website"},"datePublished":"2020-08-17T08:55:45+00:00","dateModified":"2020-11-18T08:50:49+00:00","description":"Odontoiatria di qualit\u00e0 e vacanze piacevoli. Denta Vita (Moldavia) - migliore destinazione per il turismo odontoiatrico. Abbiamo tanto da offrire","breadcrumb":{"@id":"https:\/\/www.dentavita.md\/it\/turismo-odontoiatrico\/#breadcrumb"},"inLanguage":"it-IT","potentialAction":[{"@type":"ReadAction","target":["https:\/\/www.dentavita.md\/it\/turismo-odontoiatrico\/"]}]},{"@type":"BreadcrumbList","@id":"https:\/\/www.dentavita.md\/it\/turismo-odontoiatrico\/#breadcrumb","itemListElement":[{"@type":"ListItem","position":1,"name":"\u0413\u043b\u0430\u0432\u043d\u0430\u044f \u0441\u0442\u0440\u0430\u043d\u0438\u0446\u0430","item":"https:\/\/www.dentavita.md\/it\/"},{"@type":"ListItem","position":2,"name":"Turismo odontoiatrico"}]},{"@type":"WebSite","@id":"https:\/\/www.dentavita.md\/it\/#website","url":"https:\/\/www.dentavita.md\/it\/","name":"DentaVita","description":"","publisher":{"@id":"https:\/\/www.dentavita.md\/it\/#organization"},"potentialAction":[{"@type":"SearchAction","target":{"@type":"EntryPoint","urlTemplate":"https:\/\/www.dentavita.md\/it\/?s={search_term_string}"},"query-input":{"@type":"PropertyValueSpecification","valueRequired":true,"valueName":"search_term_string"}}],"inLanguage":"it-IT"},{"@type":"Organization","@id":"https:\/\/www.dentavita.md\/it\/#organization","name":"DentaVita","url":"https:\/\/www.dentavita.md\/it\/","logo":{"@type":"ImageObject","inLanguage":"it-IT","@id":"https:\/\/www.dentavita.md\/it\/#\/schema\/logo\/image\/","url":"https:\/\/www.dentavita.md\/wp-content\/uploads\/2024\/11\/logo_white_denta-vita.svg","contentUrl":"https:\/\/www.dentavita.md\/wp-content\/uploads\/2024\/11\/logo_white_denta-vita.svg","width":1607,"height":479,"caption":"DentaVita"},"image":{"@id":"https:\/\/www.dentavita.md\/it\/#\/schema\/logo\/image\/"}}]}},"uagb_featured_image_src":{"full":false,"thumbnail":false,"medium":false,"medium_large":false,"large":false,"1536x1536":false,"2048x2048":false},"uagb_author_info":{"display_name":"admin","author_link":"https:\/\/www.dentavita.md\/it\/author\/admin\/"},"uagb_comment_info":0,"uagb_excerpt":"Turismo odontoiatrico Perch\u00e9 \u00e8 necessario andare all&#8217;estero? Fissare una consulenza Nonostante il turismo odontoiatrico in Moldavia sia un fenomeno abbastanza recente, ogni anno acquista sempre pi\u00f9 popolarit\u00e0. \u00c8 una combinazione vincente tra un viaggio piacevole nel nostro paese e le cure odontoiatriche. I tour odontoiatrici in Moldavia si possono prenotare in diversi agenzie turistiche europee...","_links":{"self":[{"href":"https:\/\/www.dentavita.md\/it\/wp-json\/wp\/v2\/pages\/2399","targetHints":{"allow":["GET"]}}],"collection":[{"href":"https:\/\/www.dentavita.md\/it\/wp-json\/wp\/v2\/pages"}],"about":[{"href":"https:\/\/www.dentavita.md\/it\/wp-json\/wp\/v2\/types\/page"}],"author":[{"embeddable":true,"href":"https:\/\/www.dentavita.md\/it\/wp-json\/wp\/v2\/users\/1"}],"replies":[{"embeddable":true,"href":"https:\/\/www.dentavita.md\/it\/wp-json\/wp\/v2\/comments?post=2399"}],"version-history":[{"count":0,"href":"https:\/\/www.dentavita.md\/it\/wp-json\/wp\/v2\/pages\/2399\/revisions"}],"wp:attachment":[{"href":"https:\/\/www.dentavita.md\/it\/wp-json\/wp\/v2\/media?parent=2399"}],"curies":[{"name":"wp","href":"https:\/\/api.w.org\/{rel}","templated":true}]}}